{"id":1970,"date":"2023-03-30T14:33:16","date_gmt":"2023-03-30T18:33:16","guid":{"rendered":"https:\/\/learning.cos-sco.ca\/contributions\/"},"modified":"2024-01-15T10:37:23","modified_gmt":"2024-01-15T15:37:23","slug":"contributoires","status":"publish","type":"page","link":"https:\/\/learning.cos-sco.ca\/fr\/contributoires\/","title":{"rendered":"Contributoires"},"content":{"rendered":"\n<section class=\"section section--impact page-impact alignfull\">\n  <div class=\"impact-overlay\"><\/div>\n  <div class=\"parallax-bg\" style=\"background-image: url(https:\/\/learning.cos-sco.ca\/wp-content\/uploads\/2023\/03\/pexels-antoni-shkraba-6749742-scaled-e1680201127152-1920x715.jpg); background-size: cover; background-position: center center;\"><\/div>\n  <div class=\"grid-container fade-up-and-in\">\n    <div class=\"grid-x\">\n      <div class=\"cell text-center\">\n                  <h1>Merci!<\/h1>\n                          <p>Nous souhaitons remercier et remercier les membres du personnel suivants pour leurs contributions au d\u00e9veloppement et \u00e0 la maintenance de ce site Web :<\/p>\n              <\/div>\n    <\/div>\n  <\/div>\n<\/section>\n\n\n\n<h4 class=\"wp-block-heading\"><strong>Chefs de projet<\/strong><\/h4>\n\n\n\n<p>Mona Harissi-Dagher, MD FRCSC<\/p>\n\n\n\n<p>Yelin Yang, MD FRCSC<\/p>\n\n\n\n<h4 class=\"wp-block-heading\"><strong>Contributoires<\/strong><\/h4>\n\n\n\n<p>David Plemel, MD FRCSC<\/p>\n\n\n\n<p>Maya Tong, MD FRCSC<\/p>\n\n\n\n<p>Weronika Jakubowska, MD MSc MEd<\/p>\n\n\n\n<div style=\"height:50px\" aria-hidden=\"true\" class=\"wp-block-spacer\"><\/div>\n\n\n\n<h4 class=\"wp-block-heading has-text-align-center\"><strong>Ce projet est financ\u00e9 par une subvention \u00e9ducative d&rsquo;Alcon<\/strong><\/h4>\n\n\n\n<div style=\"height:50px\" aria-hidden=\"true\" class=\"wp-block-spacer\"><\/div>\n\n\n\n<p class=\"has-small-font-size\">Informations financi\u00e8res<br>Les Drs Dagher, Yang, Plemel et Jakubowska ne disposent d&rsquo;aucune information financi\u00e8re pertinente<br>Le Dr Tong a \u00e9t\u00e9 membre du conseil consultatif de Dompe (2021-2022).<\/p>\n","protected":false},"excerpt":{"rendered":"<p>Chefs de projet Mona Harissi-Dagher, MD FRCSC Yelin Yang, MD FRCSC Contributoires David Plemel, MD FRCSC Maya Tong, MD FRCSC Weronika Jakubowska, MD MSc MEd Ce projet est financ\u00e9 par une subvention \u00e9ducative d&rsquo;Alcon Informations financi\u00e8resLes Drs Dagher, Yang, Plemel et Jakubowska ne disposent d&rsquo;aucune information financi\u00e8re pertinenteLe Dr Tong a \u00e9t\u00e9 membre du conseil [&hellip;]<\/p>\n","protected":false},"author":4,"featured_media":0,"parent":0,"menu_order":0,"comment_status":"closed","ping_status":"closed","template":"","meta":{"_acf_changed":false,"footnotes":""},"class_list":["post-1970","page","type-page","status-publish","hentry"],"acf":[],"yoast_head":"<!-- This site is optimized with the Yoast SEO plugin v27.4 - https:\/\/yoast.com\/product\/yoast-seo-wordpress\/ -->\n<title>Contributoires - COS-SCO Learning<\/title>\n<meta name=\"robots\" content=\"noindex, follow, max-snippet:-1, max-image-preview:large, max-video-preview:-1\" \/>\n<meta property=\"og:locale\" content=\"fr_FR\" \/>\n<meta property=\"og:type\" content=\"article\" \/>\n<meta property=\"og:title\" content=\"Contributoires - COS-SCO Learning\" \/>\n<meta property=\"og:description\" content=\"Chefs de projet Mona Harissi-Dagher, MD FRCSC Yelin Yang, MD FRCSC Contributoires David Plemel, MD FRCSC Maya Tong, MD FRCSC Weronika Jakubowska, MD MSc MEd Ce projet est financ\u00e9 par une subvention \u00e9ducative d&rsquo;Alcon Informations financi\u00e8resLes Drs Dagher, Yang, Plemel et Jakubowska ne disposent d&rsquo;aucune information financi\u00e8re pertinenteLe Dr Tong a \u00e9t\u00e9 membre du conseil [&hellip;]\" \/>\n<meta property=\"og:url\" content=\"https:\/\/learning.cos-sco.ca\/fr\/contributoires\/\" \/>\n<meta property=\"og:site_name\" content=\"COS-SCO Learning\" \/>\n<meta property=\"article:modified_time\" content=\"2024-01-15T15:37:23+00:00\" \/>\n<meta name=\"twitter:card\" content=\"summary_large_image\" \/>\n<meta name=\"twitter:label1\" content=\"Dur\u00e9e de lecture estim\u00e9e\" \/>\n\t<meta name=\"twitter:data1\" content=\"1 minute\" \/>\n<script type=\"application\/ld+json\" class=\"yoast-schema-graph\">{\"@context\":\"https:\\\/\\\/schema.org\",\"@graph\":[{\"@type\":\"WebPage\",\"@id\":\"https:\\\/\\\/learning.cos-sco.ca\\\/fr\\\/contributoires\\\/\",\"url\":\"https:\\\/\\\/learning.cos-sco.ca\\\/fr\\\/contributoires\\\/\",\"name\":\"Contributoires - COS-SCO Learning\",\"isPartOf\":{\"@id\":\"https:\\\/\\\/learning.cos-sco.ca\\\/#website\"},\"datePublished\":\"2023-03-30T18:33:16+00:00\",\"dateModified\":\"2024-01-15T15:37:23+00:00\",\"breadcrumb\":{\"@id\":\"https:\\\/\\\/learning.cos-sco.ca\\\/fr\\\/contributoires\\\/#breadcrumb\"},\"inLanguage\":\"fr-FR\",\"potentialAction\":[{\"@type\":\"ReadAction\",\"target\":[\"https:\\\/\\\/learning.cos-sco.ca\\\/fr\\\/contributoires\\\/\"]}]},{\"@type\":\"BreadcrumbList\",\"@id\":\"https:\\\/\\\/learning.cos-sco.ca\\\/fr\\\/contributoires\\\/#breadcrumb\",\"itemListElement\":[{\"@type\":\"ListItem\",\"position\":1,\"name\":\"Home\",\"item\":\"https:\\\/\\\/learning.cos-sco.ca\\\/fr\\\/\"},{\"@type\":\"ListItem\",\"position\":2,\"name\":\"Contributoires\"}]},{\"@type\":\"WebSite\",\"@id\":\"https:\\\/\\\/learning.cos-sco.ca\\\/#website\",\"url\":\"https:\\\/\\\/learning.cos-sco.ca\\\/\",\"name\":\"COS-SCO Learning\",\"description\":\"\",\"potentialAction\":[{\"@type\":\"SearchAction\",\"target\":{\"@type\":\"EntryPoint\",\"urlTemplate\":\"https:\\\/\\\/learning.cos-sco.ca\\\/?s={search_term_string}\"},\"query-input\":{\"@type\":\"PropertyValueSpecification\",\"valueRequired\":true,\"valueName\":\"search_term_string\"}}],\"inLanguage\":\"fr-FR\"}]}<\/script>\n<!-- \/ Yoast SEO plugin. -->","yoast_head_json":{"title":"Contributoires - COS-SCO Learning","robots":{"index":"noindex","follow":"follow","max-snippet":"max-snippet:-1","max-image-preview":"max-image-preview:large","max-video-preview":"max-video-preview:-1"},"og_locale":"fr_FR","og_type":"article","og_title":"Contributoires - COS-SCO Learning","og_description":"Chefs de projet Mona Harissi-Dagher, MD FRCSC Yelin Yang, MD FRCSC Contributoires David Plemel, MD FRCSC Maya Tong, MD FRCSC Weronika Jakubowska, MD MSc MEd Ce projet est financ\u00e9 par une subvention \u00e9ducative d&rsquo;Alcon Informations financi\u00e8resLes Drs Dagher, Yang, Plemel et Jakubowska ne disposent d&rsquo;aucune information financi\u00e8re pertinenteLe Dr Tong a \u00e9t\u00e9 membre du conseil [&hellip;]","og_url":"https:\/\/learning.cos-sco.ca\/fr\/contributoires\/","og_site_name":"COS-SCO Learning","article_modified_time":"2024-01-15T15:37:23+00:00","twitter_card":"summary_large_image","twitter_misc":{"Dur\u00e9e de lecture estim\u00e9e":"1 minute"},"schema":{"@context":"https:\/\/schema.org","@graph":[{"@type":"WebPage","@id":"https:\/\/learning.cos-sco.ca\/fr\/contributoires\/","url":"https:\/\/learning.cos-sco.ca\/fr\/contributoires\/","name":"Contributoires - COS-SCO Learning","isPartOf":{"@id":"https:\/\/learning.cos-sco.ca\/#website"},"datePublished":"2023-03-30T18:33:16+00:00","dateModified":"2024-01-15T15:37:23+00:00","breadcrumb":{"@id":"https:\/\/learning.cos-sco.ca\/fr\/contributoires\/#breadcrumb"},"inLanguage":"fr-FR","potentialAction":[{"@type":"ReadAction","target":["https:\/\/learning.cos-sco.ca\/fr\/contributoires\/"]}]},{"@type":"BreadcrumbList","@id":"https:\/\/learning.cos-sco.ca\/fr\/contributoires\/#breadcrumb","itemListElement":[{"@type":"ListItem","position":1,"name":"Home","item":"https:\/\/learning.cos-sco.ca\/fr\/"},{"@type":"ListItem","position":2,"name":"Contributoires"}]},{"@type":"WebSite","@id":"https:\/\/learning.cos-sco.ca\/#website","url":"https:\/\/learning.cos-sco.ca\/","name":"COS-SCO Learning","description":"","potentialAction":[{"@type":"SearchAction","target":{"@type":"EntryPoint","urlTemplate":"https:\/\/learning.cos-sco.ca\/?s={search_term_string}"},"query-input":{"@type":"PropertyValueSpecification","valueRequired":true,"valueName":"search_term_string"}}],"inLanguage":"fr-FR"}]}},"_links":{"self":[{"href":"https:\/\/learning.cos-sco.ca\/fr\/wp-json\/wp\/v2\/pages\/1970","targetHints":{"allow":["GET"]}}],"collection":[{"href":"https:\/\/learning.cos-sco.ca\/fr\/wp-json\/wp\/v2\/pages"}],"about":[{"href":"https:\/\/learning.cos-sco.ca\/fr\/wp-json\/wp\/v2\/types\/page"}],"author":[{"embeddable":true,"href":"https:\/\/learning.cos-sco.ca\/fr\/wp-json\/wp\/v2\/users\/4"}],"replies":[{"embeddable":true,"href":"https:\/\/learning.cos-sco.ca\/fr\/wp-json\/wp\/v2\/comments?post=1970"}],"version-history":[{"count":4,"href":"https:\/\/learning.cos-sco.ca\/fr\/wp-json\/wp\/v2\/pages\/1970\/revisions"}],"predecessor-version":[{"id":2065,"href":"https:\/\/learning.cos-sco.ca\/fr\/wp-json\/wp\/v2\/pages\/1970\/revisions\/2065"}],"wp:attachment":[{"href":"https:\/\/learning.cos-sco.ca\/fr\/wp-json\/wp\/v2\/media?parent=1970"}],"curies":[{"name":"wp","href":"https:\/\/api.w.org\/{rel}","templated":true}]}}